{"id":10181,"date":"2025-11-05T17:09:29","date_gmt":"2025-11-05T16:09:29","guid":{"rendered":"https:\/\/urpiner.eu\/contact\/warehouses\/"},"modified":"2025-11-06T12:46:36","modified_gmt":"2025-11-06T11:46:36","slug":"warehouses","status":"publish","type":"page","link":"https:\/\/urpiner.eu\/en\/contact\/warehouses\/","title":{"rendered":"Warehouses"},"content":{"rendered":"\t\t<div data-elementor-type=\"wp-page\" data-elementor-id=\"10181\" class=\"elementor elementor-10181 elementor-10160\" data-elementor-post-type=\"page\">\n\t\t\t\t<div class=\"elementor-element elementor-element-2bc0514 e-con-full e-flex e-con e-parent\" data-id=\"2bc0514\" data-element_type=\"container\" data-settings=\"{&quot;background_background&quot;:&quot;classic&quot;}\">\n\t\t<div class=\"elementor-element elementor-element-9865d18 e-flex e-con-boxed e-con e-child\" data-id=\"9865d18\" data-element_type=\"container\">\n\t\t\t\t\t<div class=\"e-con-inner\">\n\t\t\t\t<div class=\"elementor-element elementor-element-7fadc6a elementor-nav-menu__align-center elementor-nav-menu--dropdown-none elementor-widget elementor-widget-nav-menu\" data-id=\"7fadc6a\" data-element_type=\"widget\" data-settings=\"{&quot;layout&quot;:&quot;horizontal&quot;,&quot;submenu_icon&quot;:{&quot;value&quot;:&quot;&lt;svg aria-hidden=\\&quot;true\\&quot; class=\\&quot;e-font-icon-svg e-fas-caret-down\\&quot; viewBox=\\&quot;0 0 320 512\\&quot; xmlns=\\&quot;http:\\\/\\\/www.w3.org\\\/2000\\\/svg\\&quot;&gt;&lt;path d=\\&quot;M31.3 192h257.3c17.8 0 26.7 21.5 14.1 34.1L174.1 354.8c-7.8 7.8-20.5 7.8-28.3 0L17.2 226.1C4.6 213.5 13.5 192 31.3 192z\\&quot;&gt;&lt;\\\/path&gt;&lt;\\\/svg&gt;&quot;,&quot;library&quot;:&quot;fa-solid&quot;}}\" data-widget_type=\"nav-menu.default\">\n\t\t\t\t\t\t\t\t<nav aria-label=\"Menu\" class=\"elementor-nav-menu--main elementor-nav-menu__container elementor-nav-menu--layout-horizontal e--pointer-background e--animation-fade\">\n\t\t\t\t<ul id=\"menu-1-7fadc6a\" class=\"elementor-nav-menu\"><li class=\"menu-item menu-item-type-post_type menu-item-object-page menu-item-9357\"><a href=\"https:\/\/urpiner.eu\/en\/contact\/\" class=\"elementor-item\">Contact<\/a><\/li>\n<li class=\"menu-item menu-item-type-post_type menu-item-object-page menu-item-9355\"><a href=\"https:\/\/urpiner.eu\/en\/contact\/traders\/\" class=\"elementor-item\">Sales Representatives<\/a><\/li>\n<li class=\"menu-item menu-item-type-post_type menu-item-object-page menu-item-9356\"><a href=\"https:\/\/urpiner.eu\/en\/contact\/wholesale\/\" class=\"elementor-item\">Wholesale<\/a><\/li>\n<li class=\"menu-item menu-item-type-post_type menu-item-object-page menu-item-9354\"><a href=\"https:\/\/urpiner.eu\/en\/contact\/export\/\" class=\"elementor-item\">Export<\/a><\/li>\n<li class=\"menu-item menu-item-type-post_type menu-item-object-page menu-item-10195\"><a href=\"https:\/\/urpiner.eu\/en\/contact\/warehouses\/\" class=\"elementor-item\">Warehouses<\/a><\/li>\n<li class=\"menu-item menu-item-type-post_type menu-item-object-page menu-item-9353\"><a href=\"https:\/\/urpiner.eu\/en\/contact\/careers\/\" class=\"elementor-item\">Careers<\/a><\/li>\n<\/ul>\t\t\t<\/nav>\n\t\t\t\t\t\t<nav class=\"elementor-nav-menu--dropdown elementor-nav-menu__container\" aria-hidden=\"true\">\n\t\t\t\t<ul id=\"menu-2-7fadc6a\" class=\"elementor-nav-menu\"><li class=\"menu-item menu-item-type-post_type menu-item-object-page menu-item-9357\"><a href=\"https:\/\/urpiner.eu\/en\/contact\/\" class=\"elementor-item\" tabindex=\"-1\">Contact<\/a><\/li>\n<li class=\"menu-item menu-item-type-post_type menu-item-object-page menu-item-9355\"><a href=\"https:\/\/urpiner.eu\/en\/contact\/traders\/\" class=\"elementor-item\" tabindex=\"-1\">Sales Representatives<\/a><\/li>\n<li class=\"menu-item menu-item-type-post_type menu-item-object-page menu-item-9356\"><a href=\"https:\/\/urpiner.eu\/en\/contact\/wholesale\/\" class=\"elementor-item\" tabindex=\"-1\">Wholesale<\/a><\/li>\n<li class=\"menu-item menu-item-type-post_type menu-item-object-page menu-item-9354\"><a href=\"https:\/\/urpiner.eu\/en\/contact\/export\/\" class=\"elementor-item\" tabindex=\"-1\">Export<\/a><\/li>\n<li class=\"menu-item menu-item-type-post_type menu-item-object-page menu-item-10195\"><a href=\"https:\/\/urpiner.eu\/en\/contact\/warehouses\/\" class=\"elementor-item\" tabindex=\"-1\">Warehouses<\/a><\/li>\n<li class=\"menu-item menu-item-type-post_type menu-item-object-page menu-item-9353\"><a href=\"https:\/\/urpiner.eu\/en\/contact\/careers\/\" class=\"elementor-item\" tabindex=\"-1\">Careers<\/a><\/li>\n<\/ul>\t\t\t<\/nav>\n\t\t\t\t\t\t<\/div>\n\t\t\t\t<div class=\"elementor-element elementor-element-a17150d elementor-absolute elementor-widget elementor-widget-image\" data-id=\"a17150d\" data-element_type=\"widget\" data-settings=\"{&quot;_position&quot;:&quot;absolute&quot;,&quot;motion_fx_motion_fx_scrolling&quot;:&quot;yes&quot;,&quot;motion_fx_translateY_effect&quot;:&quot;yes&quot;,&quot;motion_fx_translateY_speed&quot;:{&quot;unit&quot;:&quot;px&quot;,&quot;size&quot;:1,&quot;sizes&quot;:[]},&quot;motion_fx_translateY_affectedRange&quot;:{&quot;unit&quot;:&quot;%&quot;,&quot;size&quot;:&quot;&quot;,&quot;sizes&quot;:{&quot;start&quot;:0,&quot;end&quot;:100}},&quot;motion_fx_devices&quot;:[&quot;desktop&quot;,&quot;tablet&quot;,&quot;mobile&quot;]}\" data-widget_type=\"image.default\">\n\t\t\t\t\t\t\t\t\t\t\t\t\t\t\t<img fetchpriority=\"high\" decoding=\"async\" width=\"422\" height=\"766\" src=\"https:\/\/urpiner.eu\/wp-content\/uploads\/2025\/04\/hero_right_pattern.webp\" class=\"attachment-full size-full wp-image-2563\" alt=\"\" srcset=\"https:\/\/urpiner.eu\/wp-content\/uploads\/2025\/04\/hero_right_pattern.webp 422w, https:\/\/urpiner.eu\/wp-content\/uploads\/2025\/04\/hero_right_pattern-165x300.webp 165w\" sizes=\"(max-width: 422px) 100vw, 422px\" \/>\t\t\t\t\t\t\t\t\t\t\t\t\t\t\t<\/div>\n\t\t\t\t\t<\/div>\n\t\t\t\t<\/div>\n\t\t\t\t<\/div>\n\t\t<div class=\"elementor-element elementor-element-eccba58 no-region-hide e-flex e-con-boxed e-con e-parent\" data-id=\"eccba58\" data-element_type=\"container\" data-settings=\"{&quot;background_background&quot;:&quot;classic&quot;}\">\n\t\t\t\t\t<div class=\"e-con-inner\">\n\t\t\t\t<div class=\"elementor-element elementor-element-c187134 elementor-absolute elementor-widget elementor-widget-image\" data-id=\"c187134\" data-element_type=\"widget\" data-settings=\"{&quot;_position&quot;:&quot;absolute&quot;,&quot;motion_fx_motion_fx_scrolling&quot;:&quot;yes&quot;,&quot;motion_fx_translateY_effect&quot;:&quot;yes&quot;,&quot;motion_fx_translateY_speed&quot;:{&quot;unit&quot;:&quot;px&quot;,&quot;size&quot;:2,&quot;sizes&quot;:[]},&quot;motion_fx_translateY_affectedRange&quot;:{&quot;unit&quot;:&quot;%&quot;,&quot;size&quot;:&quot;&quot;,&quot;sizes&quot;:{&quot;start&quot;:0,&quot;end&quot;:100}},&quot;motion_fx_devices&quot;:[&quot;desktop&quot;,&quot;tablet&quot;,&quot;mobile&quot;]}\" data-widget_type=\"image.default\">\n\t\t\t\t\t\t\t\t\t\t\t\t\t\t\t<img decoding=\"async\" width=\"637\" height=\"2040\" src=\"https:\/\/urpiner.eu\/wp-content\/uploads\/2025\/05\/SelektivnA\u00ad-barva-1A-Image.png\" class=\"attachment-full size-full wp-image-2723\" alt=\"\" srcset=\"https:\/\/urpiner.eu\/wp-content\/uploads\/2025\/05\/SelektivnA\u00ad-barva-1A-Image.png 637w, https:\/\/urpiner.eu\/wp-content\/uploads\/2025\/05\/SelektivnA\u00ad-barva-1A-Image-94x300.png 94w, https:\/\/urpiner.eu\/wp-content\/uploads\/2025\/05\/SelektivnA\u00ad-barva-1A-Image-320x1024.png 320w, https:\/\/urpiner.eu\/wp-content\/uploads\/2025\/05\/SelektivnA\u00ad-barva-1A-Image-480x1536.png 480w\" sizes=\"(max-width: 637px) 100vw, 637px\" \/>\t\t\t\t\t\t\t\t\t\t\t\t\t\t\t<\/div>\n\t\t<div class=\"elementor-element elementor-element-6179b29 e-con-full e-flex e-con e-child\" data-id=\"6179b29\" data-element_type=\"container\">\n\t\t\t\t<div class=\"elementor-element elementor-element-97ac506 elementor-grid-3 elementor-grid-tablet-2 elementor-grid-mobile-1 elementor-widget elementor-widget-loop-grid\" data-id=\"97ac506\" data-element_type=\"widget\" data-settings=\"{&quot;template_id&quot;:10191,&quot;columns&quot;:3,&quot;_skin&quot;:&quot;post&quot;,&quot;columns_tablet&quot;:&quot;2&quot;,&quot;columns_mobile&quot;:&quot;1&quot;,&quot;edit_handle_selector&quot;:&quot;[data-elementor-type=\\&quot;loop-item\\&quot;]&quot;,&quot;row_gap&quot;:{&quot;unit&quot;:&quot;px&quot;,&quot;size&quot;:&quot;&quot;,&quot;sizes&quot;:[]},&quot;row_gap_tablet&quot;:{&quot;unit&quot;:&quot;px&quot;,&quot;size&quot;:&quot;&quot;,&quot;sizes&quot;:[]},&quot;row_gap_mobile&quot;:{&quot;unit&quot;:&quot;px&quot;,&quot;size&quot;:&quot;&quot;,&quot;sizes&quot;:[]}}\" data-widget_type=\"loop-grid.post\">\n\t\t\t\t<div class=\"elementor-widget-container\">\n\t\t\t\t\t\t\t<div class=\"elementor-loop-container elementor-grid\" role=\"list\">\n\t\t<style id=\"loop-10191\">.elementor-10191 .elementor-element.elementor-element-c791ae7{--display:flex;--flex-direction:row;--container-widget-width:initial;--container-widget-height:100%;--container-widget-flex-grow:1;--container-widget-align-self:stretch;--flex-wrap-mobile:wrap;--gap:32px 32px;--row-gap:32px;--column-gap:32px;}.elementor-10191 .elementor-element.elementor-element-285822a{--display:flex;--justify-content:space-between;--gap:16px 16px;--row-gap:16px;--column-gap:16px;border-style:solid;--border-style:solid;border-width:1px 1px 1px 1px;--border-top-width:1px;--border-right-width:1px;--border-bottom-width:1px;--border-left-width:1px;border-color:var( --e-global-color-1a7d65d );--border-color:var( --e-global-color-1a7d65d );--border-radius:16px 16px 16px 16px;--padding-top:56px;--padding-bottom:56px;--padding-left:56px;--padding-right:56px;}.elementor-10191 .elementor-element.elementor-element-285822a:not(.elementor-motion-effects-element-type-background), .elementor-10191 .elementor-element.elementor-element-285822a > .elementor-motion-effects-container > .elementor-motion-effects-layer{background-color:var( --e-global-color-e1e95d6 );}.elementor-10191 .elementor-element.elementor-element-e30af41{--display:flex;--gap:24px 24px;--row-gap:24px;--column-gap:24px;}.elementor-10191 .elementor-element.elementor-element-34ab9c3 .elementor-heading-title{font-family:var( --e-global-typography-a6124c1-font-family ), Sans-serif;font-size:var( --e-global-typography-a6124c1-font-size );font-weight:var( --e-global-typography-a6124c1-font-weight );text-transform:var( --e-global-typography-a6124c1-text-transform );line-height:var( --e-global-typography-a6124c1-line-height );color:var( --e-global-color-84f6386 );}.elementor-10191 .elementor-element.elementor-element-fbde440 .elementor-icon-list-icon i{transition:color 0.3s;}.elementor-10191 .elementor-element.elementor-element-fbde440 .elementor-icon-list-icon svg{transition:fill 0.3s;}.elementor-10191 .elementor-element.elementor-element-fbde440{--e-icon-list-icon-size:14px;--icon-vertical-offset:0px;}.elementor-10191 .elementor-element.elementor-element-fbde440 .elementor-icon-list-item > .elementor-icon-list-text, .elementor-10191 .elementor-element.elementor-element-fbde440 .elementor-icon-list-item > a{font-family:var( --e-global-typography-6c7fb86-font-family ), Sans-serif;font-size:var( --e-global-typography-6c7fb86-font-size );font-weight:var( --e-global-typography-6c7fb86-font-weight );line-height:var( --e-global-typography-6c7fb86-line-height );}.elementor-10191 .elementor-element.elementor-element-fbde440 .elementor-icon-list-text{transition:color 0.3s;}.elementor-10191 .elementor-element.elementor-element-1969b2c .elementor-icon-list-icon i{transition:color 0.3s;}.elementor-10191 .elementor-element.elementor-element-1969b2c .elementor-icon-list-icon svg{transition:fill 0.3s;}.elementor-10191 .elementor-element.elementor-element-1969b2c{--e-icon-list-icon-size:14px;--icon-vertical-offset:0px;}.elementor-10191 .elementor-element.elementor-element-1969b2c .elementor-icon-list-item > .elementor-icon-list-text, .elementor-10191 .elementor-element.elementor-element-1969b2c .elementor-icon-list-item > a{font-family:var( --e-global-typography-6c7fb86-font-family ), Sans-serif;font-size:var( --e-global-typography-6c7fb86-font-size );font-weight:var( --e-global-typography-6c7fb86-font-weight );line-height:var( --e-global-typography-6c7fb86-line-height );}.elementor-10191 .elementor-element.elementor-element-1969b2c .elementor-icon-list-text{transition:color 0.3s;}@media(max-width:1024px){.elementor-10191 .elementor-element.elementor-element-c791ae7{--flex-wrap:wrap;}.elementor-10191 .elementor-element.elementor-element-34ab9c3 .elementor-heading-title{font-size:var( --e-global-typography-a6124c1-font-size );line-height:var( --e-global-typography-a6124c1-line-height );}.elementor-10191 .elementor-element.elementor-element-fbde440 .elementor-icon-list-item > .elementor-icon-list-text, .elementor-10191 .elementor-element.elementor-element-fbde440 .elementor-icon-list-item > a{font-size:var( --e-global-typography-6c7fb86-font-size );line-height:var( --e-global-typography-6c7fb86-line-height );}.elementor-10191 .elementor-element.elementor-element-1969b2c .elementor-icon-list-item > .elementor-icon-list-text, .elementor-10191 .elementor-element.elementor-element-1969b2c .elementor-icon-list-item > a{font-size:var( --e-global-typography-6c7fb86-font-size );line-height:var( --e-global-typography-6c7fb86-line-height );}}@media(max-width:767px){.elementor-10191 .elementor-element.elementor-element-34ab9c3 .elementor-heading-title{font-size:var( --e-global-typography-a6124c1-font-size );line-height:var( --e-global-typography-a6124c1-line-height );}.elementor-10191 .elementor-element.elementor-element-fbde440 .elementor-icon-list-item > .elementor-icon-list-text, .elementor-10191 .elementor-element.elementor-element-fbde440 .elementor-icon-list-item > a{font-size:var( --e-global-typography-6c7fb86-font-size );line-height:var( --e-global-typography-6c7fb86-line-height );}.elementor-10191 .elementor-element.elementor-element-1969b2c .elementor-icon-list-item > .elementor-icon-list-text, .elementor-10191 .elementor-element.elementor-element-1969b2c .elementor-icon-list-item > a{font-size:var( --e-global-typography-6c7fb86-font-size );line-height:var( --e-global-typography-6c7fb86-line-height );}}<\/style>\t\t<div data-elementor-type=\"loop-item\" data-elementor-id=\"10191\" class=\"elementor elementor-10191 elementor-10163 e-loop-item e-loop-item-10185 post-10185 sklady type-sklady status-publish hentry\" data-elementor-post-type=\"elementor_library\" data-custom-edit-handle=\"1\">\n\t\t\t<div class=\"elementor-element elementor-element-c791ae7 e-con-full e-flex e-con e-child\" data-id=\"c791ae7\" data-element_type=\"container\">\n\t\t<div class=\"elementor-element elementor-element-285822a e-con-full e-flex e-con e-child\" data-id=\"285822a\" data-element_type=\"container\" data-settings=\"{&quot;background_background&quot;:&quot;classic&quot;}\">\n\t\t<div class=\"elementor-element elementor-element-e30af41 e-con-full e-flex e-con e-child\" data-id=\"e30af41\" data-element_type=\"container\">\n\t\t\t\t<div class=\"elementor-element elementor-element-34ab9c3 elementor-widget elementor-widget-heading\" data-id=\"34ab9c3\" data-element_type=\"widget\" data-widget_type=\"heading.default\">\n\t\t\t\t\t<h5 class=\"elementor-heading-title elementor-size-default\">Warehouse Pezinok<\/h5>\t\t\t\t<\/div>\n\t\t\t\t<div class=\"elementor-element elementor-element-fbde440 elementor-icon-list--layout-traditional elementor-list-item-link-full_width elementor-widget elementor-widget-icon-list\" data-id=\"fbde440\" data-element_type=\"widget\" data-widget_type=\"icon-list.default\">\n\t\t\t\t\t\t\t<ul class=\"elementor-icon-list-items\">\n\t\t\t\t\t\t\t<li class=\"elementor-icon-list-item\">\n\t\t\t\t\t\t\t\t\t\t<span class=\"elementor-icon-list-text\"><b>Opening hours<\/b><p><strong>Monday &#8211; Tuesday:<\/strong> 8.00 &#8211; 11.00<br \/>\n<strong>Thursday &#8211; Friday:<\/strong> 13.30 &#8211; 15.30<br \/>\n<strong>Wednesday, Saturday, Sunday, Holidays:<\/strong> closed<\/p>\n<\/span>\n\t\t\t\t\t\t\t\t\t<\/li>\n\t\t\t\t\t\t<\/ul>\n\t\t\t\t\t\t<\/div>\n\t\t\t\t<\/div>\n\t\t\t\t<div class=\"elementor-element elementor-element-1969b2c elementor-icon-list--layout-traditional elementor-list-item-link-full_width elementor-widget elementor-widget-icon-list\" data-id=\"1969b2c\" data-element_type=\"widget\" data-widget_type=\"icon-list.default\">\n\t\t\t\t\t\t\t<ul class=\"elementor-icon-list-items\">\n\t\t\t\t\t\t\t<li class=\"elementor-icon-list-item\">\n\t\t\t\t\t\t\t\t\t\t<span class=\"elementor-icon-list-text\"><b>\u0160enkvick\u00e1 cesta 20, Pezinok<\/b><\/span>\n\t\t\t\t\t\t\t\t\t<\/li>\n\t\t\t\t\t\t\t\t<li class=\"elementor-icon-list-item\">\n\t\t\t\t\t\t\t\t\t\t<span class=\"elementor-icon-list-text\">Mob:  +421 917 777 568<\/span>\n\t\t\t\t\t\t\t\t\t<\/li>\n\t\t\t\t\t\t<\/ul>\n\t\t\t\t\t\t<\/div>\n\t\t\t\t<\/div>\n\t\t\t\t<\/div>\n\t\t\t\t<\/div>\n\t\t\t\t<div data-elementor-type=\"loop-item\" data-elementor-id=\"10191\" class=\"elementor elementor-10191 elementor-10163 e-loop-item e-loop-item-10187 post-10187 sklady type-sklady status-publish hentry\" data-elementor-post-type=\"elementor_library\" data-custom-edit-handle=\"1\">\n\t\t\t<div class=\"elementor-element elementor-element-c791ae7 e-con-full e-flex e-con e-child\" data-id=\"c791ae7\" data-element_type=\"container\">\n\t\t<div class=\"elementor-element elementor-element-285822a e-con-full e-flex e-con e-child\" data-id=\"285822a\" data-element_type=\"container\" data-settings=\"{&quot;background_background&quot;:&quot;classic&quot;}\">\n\t\t<div class=\"elementor-element elementor-element-e30af41 e-con-full e-flex e-con e-child\" data-id=\"e30af41\" data-element_type=\"container\">\n\t\t\t\t<div class=\"elementor-element elementor-element-34ab9c3 elementor-widget elementor-widget-heading\" data-id=\"34ab9c3\" data-element_type=\"widget\" data-widget_type=\"heading.default\">\n\t\t\t\t\t<h5 class=\"elementor-heading-title elementor-size-default\">Warehouse Rakova<\/h5>\t\t\t\t<\/div>\n\t\t\t\t<div class=\"elementor-element elementor-element-fbde440 elementor-icon-list--layout-traditional elementor-list-item-link-full_width elementor-widget elementor-widget-icon-list\" data-id=\"fbde440\" data-element_type=\"widget\" data-widget_type=\"icon-list.default\">\n\t\t\t\t\t\t\t<ul class=\"elementor-icon-list-items\">\n\t\t\t\t\t\t\t<li class=\"elementor-icon-list-item\">\n\t\t\t\t\t\t\t\t\t\t<span class=\"elementor-icon-list-text\"><b>Opening hours<\/b><p><strong>Monday, Wednesday, Friday:<\/strong> 8.00 &#8211; 11.00<br \/>\n<strong>Saturday, Sunday, Holidays:<\/strong> closed<\/p>\n<\/span>\n\t\t\t\t\t\t\t\t\t<\/li>\n\t\t\t\t\t\t<\/ul>\n\t\t\t\t\t\t<\/div>\n\t\t\t\t<\/div>\n\t\t\t\t<div class=\"elementor-element elementor-element-1969b2c elementor-icon-list--layout-traditional elementor-list-item-link-full_width elementor-widget elementor-widget-icon-list\" data-id=\"1969b2c\" data-element_type=\"widget\" data-widget_type=\"icon-list.default\">\n\t\t\t\t\t\t\t<ul class=\"elementor-icon-list-items\">\n\t\t\t\t\t\t\t<li class=\"elementor-icon-list-item\">\n\t\t\t\t\t\t\t\t\t\t<span class=\"elementor-icon-list-text\"><b>Rakov\u00e1 4112, 023 51 Rakov\u00e1<\/b><\/span>\n\t\t\t\t\t\t\t\t\t<\/li>\n\t\t\t\t\t\t\t\t<li class=\"elementor-icon-list-item\">\n\t\t\t\t\t\t\t\t\t\t<span class=\"elementor-icon-list-text\">Mob:  +421 915 772 695<\/span>\n\t\t\t\t\t\t\t\t\t<\/li>\n\t\t\t\t\t\t<\/ul>\n\t\t\t\t\t\t<\/div>\n\t\t\t\t<\/div>\n\t\t\t\t<\/div>\n\t\t\t\t<\/div>\n\t\t\t\t<div data-elementor-type=\"loop-item\" data-elementor-id=\"10191\" class=\"elementor elementor-10191 elementor-10163 e-loop-item e-loop-item-10186 post-10186 sklady type-sklady status-publish hentry\" data-elementor-post-type=\"elementor_library\" data-custom-edit-handle=\"1\">\n\t\t\t<div class=\"elementor-element elementor-element-c791ae7 e-con-full e-flex e-con e-child\" data-id=\"c791ae7\" data-element_type=\"container\">\n\t\t<div class=\"elementor-element elementor-element-285822a e-con-full e-flex e-con e-child\" data-id=\"285822a\" data-element_type=\"container\" data-settings=\"{&quot;background_background&quot;:&quot;classic&quot;}\">\n\t\t<div class=\"elementor-element elementor-element-e30af41 e-con-full e-flex e-con e-child\" data-id=\"e30af41\" data-element_type=\"container\">\n\t\t\t\t<div class=\"elementor-element elementor-element-34ab9c3 elementor-widget elementor-widget-heading\" data-id=\"34ab9c3\" data-element_type=\"widget\" data-widget_type=\"heading.default\">\n\t\t\t\t\t<h5 class=\"elementor-heading-title elementor-size-default\">Warehouse Tren\u010d\u00edn<\/h5>\t\t\t\t<\/div>\n\t\t\t\t<div class=\"elementor-element elementor-element-fbde440 elementor-icon-list--layout-traditional elementor-list-item-link-full_width elementor-widget elementor-widget-icon-list\" data-id=\"fbde440\" data-element_type=\"widget\" data-widget_type=\"icon-list.default\">\n\t\t\t\t\t\t\t<ul class=\"elementor-icon-list-items\">\n\t\t\t\t\t\t\t<li class=\"elementor-icon-list-item\">\n\t\t\t\t\t\t\t\t\t\t<span class=\"elementor-icon-list-text\"><b>Opening hours<\/b><p><strong>Tuesday &#8211; Friday:<\/strong> 8.00 &#8211; 9.00<br \/>\n<strong>Saturday, Sunday, Holidays:<\/strong> closed<\/p>\n<\/span>\n\t\t\t\t\t\t\t\t\t<\/li>\n\t\t\t\t\t\t<\/ul>\n\t\t\t\t\t\t<\/div>\n\t\t\t\t<\/div>\n\t\t\t\t<div class=\"elementor-element elementor-element-1969b2c elementor-icon-list--layout-traditional elementor-list-item-link-full_width elementor-widget elementor-widget-icon-list\" data-id=\"1969b2c\" data-element_type=\"widget\" data-widget_type=\"icon-list.default\">\n\t\t\t\t\t\t\t<ul class=\"elementor-icon-list-items\">\n\t\t\t\t\t\t\t<li class=\"elementor-icon-list-item\">\n\t\t\t\t\t\t\t\t\t\t<span class=\"elementor-icon-list-text\"><b>\u013d. St\u00e1rka 2854, building No.8, 911 01 Tren\u010d\u00edn (former OZETA premises) <\/b><\/span>\n\t\t\t\t\t\t\t\t\t<\/li>\n\t\t\t\t\t\t\t\t<li class=\"elementor-icon-list-item\">\n\t\t\t\t\t\t\t\t\t\t<span class=\"elementor-icon-list-text\">Mob:  +421 917 777 506<\/span>\n\t\t\t\t\t\t\t\t\t<\/li>\n\t\t\t\t\t\t<\/ul>\n\t\t\t\t\t\t<\/div>\n\t\t\t\t<\/div>\n\t\t\t\t<\/div>\n\t\t\t\t<\/div>\n\t\t\t\t<\/div>\n\t\t\n\t\t\t\t\t\t<\/div>\n\t\t\t\t<\/div>\n\t\t\t\t<\/div>\n\t\t\t\t\t<\/div>\n\t\t\t\t<\/div>\n\t\t\t\t<\/div>\n\t\t","protected":false},"excerpt":{"rendered":"","protected":false},"author":11,"featured_media":0,"parent":7684,"menu_order":0,"comment_status":"closed","ping_status":"closed","template":"","meta":{"_acf_changed":false,"footnotes":""},"class_list":["post-10181","page","type-page","status-publish","hentry"],"acf":[],"_links":{"self":[{"href":"https:\/\/urpiner.eu\/en\/wp-json\/wp\/v2\/pages\/10181","targetHints":{"allow":["GET"]}}],"collection":[{"href":"https:\/\/urpiner.eu\/en\/wp-json\/wp\/v2\/pages"}],"about":[{"href":"https:\/\/urpiner.eu\/en\/wp-json\/wp\/v2\/types\/page"}],"author":[{"embeddable":true,"href":"https:\/\/urpiner.eu\/en\/wp-json\/wp\/v2\/users\/11"}],"replies":[{"embeddable":true,"href":"https:\/\/urpiner.eu\/en\/wp-json\/wp\/v2\/comments?post=10181"}],"version-history":[{"count":1,"href":"https:\/\/urpiner.eu\/en\/wp-json\/wp\/v2\/pages\/10181\/revisions"}],"predecessor-version":[{"id":10182,"href":"https:\/\/urpiner.eu\/en\/wp-json\/wp\/v2\/pages\/10181\/revisions\/10182"}],"up":[{"embeddable":true,"href":"https:\/\/urpiner.eu\/en\/wp-json\/wp\/v2\/pages\/7684"}],"wp:attachment":[{"href":"https:\/\/urpiner.eu\/en\/wp-json\/wp\/v2\/media?parent=10181"}],"curies":[{"name":"wp","href":"https:\/\/api.w.org\/{rel}","templated":true}]}}