{"id":7684,"date":"2025-04-19T22:43:55","date_gmt":"2025-04-19T20:43:55","guid":{"rendered":"https:\/\/new.urpiner.eu\/contact\/"},"modified":"2025-09-01T16:17:41","modified_gmt":"2025-09-01T14:17:41","slug":"contact","status":"publish","type":"page","link":"https:\/\/urpiner.eu\/en\/contact\/","title":{"rendered":"Contact"},"content":{"rendered":"\t\t<div data-elementor-type=\"wp-page\" data-elementor-id=\"7684\" class=\"elementor elementor-7684 elementor-2092\" data-elementor-post-type=\"page\">\n\t\t\t\t<div class=\"elementor-element elementor-element-6b0b013 e-con-full e-flex e-con e-parent\" data-id=\"6b0b013\" data-element_type=\"container\" data-settings=\"{&quot;background_background&quot;:&quot;classic&quot;}\">\n\t\t<div class=\"elementor-element elementor-element-fbd51bd e-flex e-con-boxed e-con e-child\" data-id=\"fbd51bd\" data-element_type=\"container\">\n\t\t\t\t\t<div class=\"e-con-inner\">\n\t\t\t\t<div class=\"elementor-element elementor-element-f1e3cec elementor-widget-mobile__width-initial elementor-widget elementor-widget-heading\" data-id=\"f1e3cec\" data-element_type=\"widget\" data-widget_type=\"heading.default\">\n\t\t\t\t\t<h1 class=\"elementor-heading-title elementor-size-default\">Contact<\/h1>\t\t\t\t<\/div>\n\t\t\t\t<div class=\"elementor-element elementor-element-8952749 elementor-nav-menu__align-center elementor-nav-menu--dropdown-none elementor-widget elementor-widget-nav-menu\" data-id=\"8952749\" data-element_type=\"widget\" data-settings=\"{&quot;layout&quot;:&quot;horizontal&quot;,&quot;submenu_icon&quot;:{&quot;value&quot;:&quot;&lt;svg aria-hidden=\\&quot;true\\&quot; class=\\&quot;e-font-icon-svg e-fas-caret-down\\&quot; viewBox=\\&quot;0 0 320 512\\&quot; xmlns=\\&quot;http:\\\/\\\/www.w3.org\\\/2000\\\/svg\\&quot;&gt;&lt;path d=\\&quot;M31.3 192h257.3c17.8 0 26.7 21.5 14.1 34.1L174.1 354.8c-7.8 7.8-20.5 7.8-28.3 0L17.2 226.1C4.6 213.5 13.5 192 31.3 192z\\&quot;&gt;&lt;\\\/path&gt;&lt;\\\/svg&gt;&quot;,&quot;library&quot;:&quot;fa-solid&quot;}}\" data-widget_type=\"nav-menu.default\">\n\t\t\t\t\t\t\t\t<nav aria-label=\"Menu\" class=\"elementor-nav-menu--main elementor-nav-menu__container elementor-nav-menu--layout-horizontal e--pointer-background e--animation-fade\">\n\t\t\t\t<ul id=\"menu-1-8952749\" class=\"elementor-nav-menu\"><li class=\"menu-item menu-item-type-post_type menu-item-object-page menu-item-9357\"><a href=\"https:\/\/urpiner.eu\/en\/contact\/\" class=\"elementor-item\">Contact<\/a><\/li>\n<li class=\"menu-item menu-item-type-post_type menu-item-object-page menu-item-9355\"><a href=\"https:\/\/urpiner.eu\/en\/contact\/traders\/\" class=\"elementor-item\">Sales Representatives<\/a><\/li>\n<li class=\"menu-item menu-item-type-post_type menu-item-object-page menu-item-9356\"><a href=\"https:\/\/urpiner.eu\/en\/contact\/wholesale\/\" class=\"elementor-item\">Wholesale<\/a><\/li>\n<li class=\"menu-item menu-item-type-post_type menu-item-object-page menu-item-9354\"><a href=\"https:\/\/urpiner.eu\/en\/contact\/export\/\" class=\"elementor-item\">Export<\/a><\/li>\n<li class=\"menu-item menu-item-type-post_type menu-item-object-page menu-item-10195\"><a href=\"https:\/\/urpiner.eu\/en\/contact\/warehouses\/\" class=\"elementor-item\">Warehouses<\/a><\/li>\n<li class=\"menu-item menu-item-type-post_type menu-item-object-page menu-item-9353\"><a href=\"https:\/\/urpiner.eu\/en\/contact\/careers\/\" class=\"elementor-item\">Careers<\/a><\/li>\n<\/ul>\t\t\t<\/nav>\n\t\t\t\t\t\t<nav class=\"elementor-nav-menu--dropdown elementor-nav-menu__container\" aria-hidden=\"true\">\n\t\t\t\t<ul id=\"menu-2-8952749\" class=\"elementor-nav-menu\"><li class=\"menu-item menu-item-type-post_type menu-item-object-page menu-item-9357\"><a href=\"https:\/\/urpiner.eu\/en\/contact\/\" class=\"elementor-item\" tabindex=\"-1\">Contact<\/a><\/li>\n<li class=\"menu-item menu-item-type-post_type menu-item-object-page menu-item-9355\"><a href=\"https:\/\/urpiner.eu\/en\/contact\/traders\/\" class=\"elementor-item\" tabindex=\"-1\">Sales Representatives<\/a><\/li>\n<li class=\"menu-item menu-item-type-post_type menu-item-object-page menu-item-9356\"><a href=\"https:\/\/urpiner.eu\/en\/contact\/wholesale\/\" class=\"elementor-item\" tabindex=\"-1\">Wholesale<\/a><\/li>\n<li class=\"menu-item menu-item-type-post_type menu-item-object-page menu-item-9354\"><a href=\"https:\/\/urpiner.eu\/en\/contact\/export\/\" class=\"elementor-item\" tabindex=\"-1\">Export<\/a><\/li>\n<li class=\"menu-item menu-item-type-post_type menu-item-object-page menu-item-10195\"><a href=\"https:\/\/urpiner.eu\/en\/contact\/warehouses\/\" class=\"elementor-item\" tabindex=\"-1\">Warehouses<\/a><\/li>\n<li class=\"menu-item menu-item-type-post_type menu-item-object-page menu-item-9353\"><a href=\"https:\/\/urpiner.eu\/en\/contact\/careers\/\" class=\"elementor-item\" tabindex=\"-1\">Careers<\/a><\/li>\n<\/ul>\t\t\t<\/nav>\n\t\t\t\t\t\t<\/div>\n\t\t\t\t<div class=\"elementor-element elementor-element-f127a39 elementor-absolute elementor-widget elementor-widget-image\" data-id=\"f127a39\" data-element_type=\"widget\" data-settings=\"{&quot;_position&quot;:&quot;absolute&quot;,&quot;motion_fx_motion_fx_scrolling&quot;:&quot;yes&quot;,&quot;motion_fx_translateY_effect&quot;:&quot;yes&quot;,&quot;motion_fx_translateY_speed&quot;:{&quot;unit&quot;:&quot;px&quot;,&quot;size&quot;:1,&quot;sizes&quot;:[]},&quot;motion_fx_translateY_affectedRange&quot;:{&quot;unit&quot;:&quot;%&quot;,&quot;size&quot;:&quot;&quot;,&quot;sizes&quot;:{&quot;start&quot;:0,&quot;end&quot;:100}},&quot;motion_fx_devices&quot;:[&quot;desktop&quot;,&quot;tablet&quot;,&quot;mobile&quot;]}\" data-widget_type=\"image.default\">\n\t\t\t\t\t\t\t\t\t\t\t\t\t\t\t<img fetchpriority=\"high\" decoding=\"async\" width=\"422\" height=\"766\" src=\"https:\/\/urpiner.eu\/wp-content\/uploads\/2025\/04\/hero_right_pattern.webp\" class=\"attachment-full size-full wp-image-2563\" alt=\"\" srcset=\"https:\/\/urpiner.eu\/wp-content\/uploads\/2025\/04\/hero_right_pattern.webp 422w, https:\/\/urpiner.eu\/wp-content\/uploads\/2025\/04\/hero_right_pattern-165x300.webp 165w\" sizes=\"(max-width: 422px) 100vw, 422px\" \/>\t\t\t\t\t\t\t\t\t\t\t\t\t\t\t<\/div>\n\t\t\t\t\t<\/div>\n\t\t\t\t<\/div>\n\t\t\t\t<\/div>\n\t\t<div class=\"elementor-element elementor-element-d8ca298 e-flex e-con-boxed e-con e-parent\" data-id=\"d8ca298\" data-element_type=\"container\" id=\"section-pivovar\" data-settings=\"{&quot;background_background&quot;:&quot;classic&quot;}\">\n\t\t\t\t\t<div class=\"e-con-inner\">\n\t\t\t\t<div class=\"elementor-element elementor-element-1c1b84a elementor-absolute elementor-widget elementor-widget-image\" data-id=\"1c1b84a\" data-element_type=\"widget\" data-settings=\"{&quot;_position&quot;:&quot;absolute&quot;,&quot;motion_fx_motion_fx_scrolling&quot;:&quot;yes&quot;,&quot;motion_fx_translateY_effect&quot;:&quot;yes&quot;,&quot;motion_fx_translateY_speed&quot;:{&quot;unit&quot;:&quot;px&quot;,&quot;size&quot;:2,&quot;sizes&quot;:[]},&quot;motion_fx_translateY_affectedRange&quot;:{&quot;unit&quot;:&quot;%&quot;,&quot;size&quot;:&quot;&quot;,&quot;sizes&quot;:{&quot;start&quot;:0,&quot;end&quot;:100}},&quot;motion_fx_devices&quot;:[&quot;desktop&quot;,&quot;tablet&quot;,&quot;mobile&quot;]}\" data-widget_type=\"image.default\">\n\t\t\t\t\t\t\t\t\t\t\t\t\t\t\t<img decoding=\"async\" width=\"637\" height=\"2040\" src=\"https:\/\/urpiner.eu\/wp-content\/uploads\/2025\/05\/SelektivnA\u00ad-barva-1A-Image.png\" class=\"attachment-full size-full wp-image-2723\" alt=\"\" srcset=\"https:\/\/urpiner.eu\/wp-content\/uploads\/2025\/05\/SelektivnA\u00ad-barva-1A-Image.png 637w, https:\/\/urpiner.eu\/wp-content\/uploads\/2025\/05\/SelektivnA\u00ad-barva-1A-Image-94x300.png 94w, https:\/\/urpiner.eu\/wp-content\/uploads\/2025\/05\/SelektivnA\u00ad-barva-1A-Image-320x1024.png 320w, https:\/\/urpiner.eu\/wp-content\/uploads\/2025\/05\/SelektivnA\u00ad-barva-1A-Image-480x1536.png 480w\" sizes=\"(max-width: 637px) 100vw, 637px\" \/>\t\t\t\t\t\t\t\t\t\t\t\t\t\t\t<\/div>\n\t\t<div class=\"elementor-element elementor-element-b49003c e-con-full e-flex e-con e-child\" data-id=\"b49003c\" data-element_type=\"container\" data-settings=\"{&quot;background_background&quot;:&quot;classic&quot;}\">\n\t\t\t\t<div class=\"elementor-element elementor-element-f5a7f11 elementor-widget elementor-widget-google_maps\" data-id=\"f5a7f11\" data-element_type=\"widget\" data-widget_type=\"google_maps.default\">\n\t\t\t\t\t\t\t<div class=\"elementor-custom-embed\">\n\t\t\t<iframe loading=\"lazy\"\n\t\t\t\t\tsrc=\"https:\/\/maps.google.com\/maps?q=Sl%C3%A1dkovi%C4%8Dova%2037%2C%20974%2005%20Bansk%C3%A1%20Bystrica&#038;t=m&#038;z=15&#038;output=embed&#038;iwloc=near\"\n\t\t\t\t\ttitle=\"Sl\u00e1dkovi\u010dova 37, 974 05 Bansk\u00e1 Bystrica\"\n\t\t\t\t\taria-label=\"Sl\u00e1dkovi\u010dova 37, 974 05 Bansk\u00e1 Bystrica\"\n\t\t\t><\/iframe>\n\t\t<\/div>\n\t\t\t\t\t\t<\/div>\n\t\t\t\t<\/div>\n\t\t<div class=\"elementor-element elementor-element-7e12533 e-con-full e-flex e-con e-child\" data-id=\"7e12533\" data-element_type=\"container\">\n\t\t<div class=\"elementor-element elementor-element-80ea235 e-con-full e-flex e-con e-child\" data-id=\"80ea235\" data-element_type=\"container\" data-settings=\"{&quot;background_background&quot;:&quot;classic&quot;}\">\n\t\t\t\t<div class=\"elementor-element elementor-element-a8fca77 elementor-widget elementor-widget-heading\" data-id=\"a8fca77\" data-element_type=\"widget\" data-widget_type=\"heading.default\">\n\t\t\t\t\t<h6 class=\"elementor-heading-title elementor-size-default\">Address<\/h6>\t\t\t\t<\/div>\n\t\t\t\t<div class=\"elementor-element elementor-element-26bb7ff elementor-widget elementor-widget-heading\" data-id=\"26bb7ff\" data-element_type=\"widget\" data-widget_type=\"heading.default\">\n\t\t\t\t\t<h5 class=\"elementor-heading-title elementor-size-default\">BaNSKOBYSTRICK\u00dd PIVOVAR, a.s.Sl\u00e1dkovi\u010dova 37 974 05 Bansk\u00e1 Bystrica<\/h5>\t\t\t\t<\/div>\n\t\t\t\t<div class=\"elementor-element elementor-element-97dd9a7 elementor-widget elementor-widget-heading\" data-id=\"97dd9a7\" data-element_type=\"widget\" data-widget_type=\"heading.default\">\n\t\t\t\t\t<p class=\"elementor-heading-title elementor-size-default\">Sample shop<\/p>\t\t\t\t<\/div>\n\t\t\t\t<div class=\"elementor-element elementor-element-dc73f8c elementor-widget elementor-widget-text-editor\" data-id=\"dc73f8c\" data-element_type=\"widget\" data-widget_type=\"text-editor.default\">\n\t\t\t\t\t\t\t\t\t<p>Opening hours:<\/p><p>Monday &#8211; Friday: 6.00 &#8211; 16.00<\/p><p>Lunch break: 12.30 &#8211; 13.00<\/p><p>Saturday, Sunday, holidays: closed<\/p>\t\t\t\t\t\t\t\t<\/div>\n\t\t\t\t<\/div>\n\t\t<div class=\"elementor-element elementor-element-d5a232b e-con-full e-flex e-con e-child\" data-id=\"d5a232b\" data-element_type=\"container\" data-settings=\"{&quot;background_background&quot;:&quot;classic&quot;}\">\n\t\t\t\t<div class=\"elementor-element elementor-element-4d6fb59 elementor-widget elementor-widget-heading\" data-id=\"4d6fb59\" data-element_type=\"widget\" data-widget_type=\"heading.default\">\n\t\t\t\t\t<h6 class=\"elementor-heading-title elementor-size-default\">Contact<\/h6>\t\t\t\t<\/div>\n\t\t\t\t<div class=\"elementor-element elementor-element-56b5e19 elementor-widget elementor-widget-heading\" data-id=\"56b5e19\" data-element_type=\"widget\" data-widget_type=\"heading.default\">\n\t\t\t\t\t<h5 class=\"elementor-heading-title elementor-size-default\">Tel: <a href=\"tel:+421%2048%20285%2055\">+421 48 285 55 40<\/a><br><a href=\"mailto:pivovar@pivovarbb.sk\">pivovar@pivovarbb.sk<\/a><\/h5>\t\t\t\t<\/div>\n\t\t\t\t<div class=\"elementor-element elementor-element-0a6844d elementor-widget elementor-widget-text-editor\" data-id=\"0a6844d\" data-element_type=\"widget\" data-widget_type=\"text-editor.default\">\n\t\t\t\t\t\t\t\t\t<p>ICKO: 363 52 802<\/p><p>VAT NUMBER: SK2022172526<\/p><p>Company registered in OR OS Bansk\u00e1 Bystrica<\/p><p>Section: Sa, Entry No: 953\/S<\/p>\t\t\t\t\t\t\t\t<\/div>\n\t\t\t\t<\/div>\n\t\t\t\t<\/div>\n\t\t<div class=\"elementor-element elementor-element-f49750d e-con-full e-flex e-con e-child\" data-id=\"f49750d\" data-element_type=\"container\">\n\t\t<div class=\"elementor-element elementor-element-5af342e e-con-full e-flex e-con e-child\" data-id=\"5af342e\" data-element_type=\"container\" data-settings=\"{&quot;background_background&quot;:&quot;classic&quot;}\">\n\t\t\t\t<div class=\"elementor-element elementor-element-b180a2e elementor-widget elementor-widget-heading\" data-id=\"b180a2e\" data-element_type=\"widget\" data-widget_type=\"heading.default\">\n\t\t\t\t\t<h6 class=\"elementor-heading-title elementor-size-default\">Sample SHOP<\/h6>\t\t\t\t<\/div>\n\t\t\t\t<div class=\"elementor-element elementor-element-db5f2a7 elementor-widget elementor-widget-text-editor\" data-id=\"db5f2a7\" data-element_type=\"widget\" data-widget_type=\"text-editor.default\">\n\t\t\t\t\t\t\t\t\t<p>Mob: <a href=\"tel:+421%20917%20777%20504\">+421 917 777 504<\/a><\/p><p>Tel: <a href=\"tel:+421%20048%20285%2055%2071\">+421 048 285 55 71<\/a><\/p>\t\t\t\t\t\t\t\t<\/div>\n\t\t\t\t<\/div>\n\t\t<div class=\"elementor-element elementor-element-1079e33 e-con-full e-flex e-con e-child\" data-id=\"1079e33\" data-element_type=\"container\" data-settings=\"{&quot;background_background&quot;:&quot;classic&quot;}\">\n\t\t\t\t<div class=\"elementor-element elementor-element-2689847 elementor-widget elementor-widget-heading\" data-id=\"2689847\" data-element_type=\"widget\" data-widget_type=\"heading.default\">\n\t\t\t\t\t<h6 class=\"elementor-heading-title elementor-size-default\">Company Secretariat<\/h6>\t\t\t\t<\/div>\n\t\t\t\t<div class=\"elementor-element elementor-element-55052cc elementor-widget elementor-widget-text-editor\" data-id=\"55052cc\" data-element_type=\"widget\" data-widget_type=\"text-editor.default\">\n\t\t\t\t\t\t\t\t\t<p>Tel: <a href=\"tel:+421%2048%20285%2055%2022\">+421 48 285 55 22<\/a><\/p><p><a href=\"mailto:sekretariat@pivovarbb.sk\">sekretariat@pivovarbb.sk<\/a><\/p>\t\t\t\t\t\t\t\t<\/div>\n\t\t\t\t<\/div>\n\t\t<div class=\"elementor-element elementor-element-df052e5 e-con-full e-flex e-con e-child\" data-id=\"df052e5\" data-element_type=\"container\" data-settings=\"{&quot;background_background&quot;:&quot;classic&quot;}\">\n\t\t\t\t<div class=\"elementor-element elementor-element-c7ace08 elementor-widget elementor-widget-heading\" data-id=\"c7ace08\" data-element_type=\"widget\" data-widget_type=\"heading.default\">\n\t\t\t\t\t<h6 class=\"elementor-heading-title elementor-size-default\">Orders - Invoicing<\/h6>\t\t\t\t<\/div>\n\t\t\t\t<div class=\"elementor-element elementor-element-b0d603d elementor-widget elementor-widget-text-editor\" data-id=\"b0d603d\" data-element_type=\"widget\" data-widget_type=\"text-editor.default\">\n\t\t\t\t\t\t\t\t\t<p>Mob: <a href=\"tel:+421%20917%20777%20533\">+421 917 777 533<\/a><\/p><p>Tel: <a href=\"tel:+421%2048%20416%2018%2076\">+421 48 416 18 76<\/a><\/p><p><a href=\"mailto:fakturacia@pivovarbb.sk\">fakturacia@pivovarbb.sk<\/a><\/p>\t\t\t\t\t\t\t\t<\/div>\n\t\t\t\t<\/div>\n\t\t\t\t<\/div>\n\t\t<div class=\"elementor-element elementor-element-d94930c e-con-full e-flex e-con e-child\" data-id=\"d94930c\" data-element_type=\"container\">\n\t\t<div class=\"elementor-element elementor-element-7d26161 e-con-full e-flex e-con e-child\" data-id=\"7d26161\" data-element_type=\"container\" data-settings=\"{&quot;background_background&quot;:&quot;classic&quot;}\">\n\t\t\t\t<div class=\"elementor-element elementor-element-6a228e8 elementor-widget elementor-widget-heading\" data-id=\"6a228e8\" data-element_type=\"widget\" data-widget_type=\"heading.default\">\n\t\t\t\t\t<h6 class=\"elementor-heading-title elementor-size-default\">Sales Department SR<\/h6>\t\t\t\t<\/div>\n\t\t\t\t<div class=\"elementor-element elementor-element-d898259 elementor-widget elementor-widget-text-editor\" data-id=\"d898259\" data-element_type=\"widget\" data-widget_type=\"text-editor.default\">\n\t\t\t\t\t\t\t\t\t<p>Tel: +421 48 285 55 23 &#8211; 26<\/p><p><a href=\"mailto:babelova@pivovarbb.sk\">babelova@pivovarbb.sk<\/a><\/p>\t\t\t\t\t\t\t\t<\/div>\n\t\t\t\t<\/div>\n\t\t<div class=\"elementor-element elementor-element-b8be7c1 e-con-full e-flex e-con e-child\" data-id=\"b8be7c1\" data-element_type=\"container\" data-settings=\"{&quot;background_background&quot;:&quot;classic&quot;}\">\n\t\t\t\t<div class=\"elementor-element elementor-element-c274f34 elementor-widget elementor-widget-heading\" data-id=\"c274f34\" data-element_type=\"widget\" data-widget_type=\"heading.default\">\n\t\t\t\t\t<h6 class=\"elementor-heading-title elementor-size-default\"><p>Accounting office<\/p><\/h6>\t\t\t\t<\/div>\n\t\t\t\t<div class=\"elementor-element elementor-element-7346de1 elementor-widget elementor-widget-text-editor\" data-id=\"7346de1\" data-element_type=\"widget\" data-widget_type=\"text-editor.default\">\n\t\t\t\t\t\t\t\t\t<p>Tel: <a href=\"tel:+421%2048%20285%2055%2024\">+421 48 285 55 24<\/a><\/p><p><a href=\"mailto:uctaren@pivovarbb.sk\">uctaren@pivovarbb.sk<\/a><\/p>\t\t\t\t\t\t\t\t<\/div>\n\t\t\t\t<\/div>\n\t\t<div class=\"elementor-element elementor-element-914fc37 e-con-full e-flex e-con e-child\" data-id=\"914fc37\" data-element_type=\"container\" data-settings=\"{&quot;background_background&quot;:&quot;classic&quot;}\">\n\t\t\t\t<div class=\"elementor-element elementor-element-133b122 elementor-widget elementor-widget-heading\" data-id=\"133b122\" data-element_type=\"widget\" data-widget_type=\"heading.default\">\n\t\t\t\t\t<h6 class=\"elementor-heading-title elementor-size-default\">ELECTRONIC INVOICES<\/h6>\t\t\t\t<\/div>\n\t\t\t\t<div class=\"elementor-element elementor-element-1cde893 elementor-widget elementor-widget-text-editor\" data-id=\"1cde893\" data-element_type=\"widget\" data-widget_type=\"text-editor.default\">\n\t\t\t\t\t\t\t\t\t<p><a href=\"mailto:efaktury@pivovarbb.sk\">efaktury@pivovarbb.sk<\/a><\/p>\t\t\t\t\t\t\t\t<\/div>\n\t\t\t\t<\/div>\n\t\t\t\t<\/div>\n\t\t<div class=\"elementor-element elementor-element-0fe0c32 e-con-full e-flex e-con e-child\" data-id=\"0fe0c32\" data-element_type=\"container\">\n\t\t<div class=\"elementor-element elementor-element-b8a5550 e-con-full e-flex e-con e-child\" data-id=\"b8a5550\" data-element_type=\"container\" data-settings=\"{&quot;background_background&quot;:&quot;classic&quot;}\">\n\t\t\t\t<div class=\"elementor-element elementor-element-a1c1153 elementor-widget elementor-widget-heading\" data-id=\"a1c1153\" data-element_type=\"widget\" data-widget_type=\"heading.default\">\n\t\t\t\t\t<h6 class=\"elementor-heading-title elementor-size-default\">HR Department<\/h6>\t\t\t\t<\/div>\n\t\t\t\t<div class=\"elementor-element elementor-element-36e6f25 elementor-widget elementor-widget-text-editor\" data-id=\"36e6f25\" data-element_type=\"widget\" data-widget_type=\"text-editor.default\">\n\t\t\t\t\t\t\t\t\t<p>Tel: <a href=\"tel:+421%2048%20285%2055%2039\">+421 48 285 55 39<\/a><\/p><p><a href=\"mailto:kujanova@pivovarbb.sk\">kujanova@pivovarbb.sk<\/a><\/p>\t\t\t\t\t\t\t\t<\/div>\n\t\t\t\t<\/div>\n\t\t<div class=\"elementor-element elementor-element-2e7cb49 e-con-full e-flex e-con e-child\" data-id=\"2e7cb49\" data-element_type=\"container\" data-settings=\"{&quot;background_background&quot;:&quot;classic&quot;}\">\n\t\t\t\t<div class=\"elementor-element elementor-element-5638dd1 elementor-widget elementor-widget-heading\" data-id=\"5638dd1\" data-element_type=\"widget\" data-widget_type=\"heading.default\">\n\t\t\t\t\t<h6 class=\"elementor-heading-title elementor-size-default\">Production<\/h6>\t\t\t\t<\/div>\n\t\t\t\t<div class=\"elementor-element elementor-element-58d80cb elementor-widget elementor-widget-text-editor\" data-id=\"58d80cb\" data-element_type=\"widget\" data-widget_type=\"text-editor.default\">\n\t\t\t\t\t\t\t\t\t<p>Mob: <a href=\"Tel:+421%20917%20777%20569\">+421 917 777 569<\/a><\/p><p>Tel: <a href=\"tel:+421%2048%20285%2055%2025\">+421 48 285 55 25<\/a><\/p><p><a href=\"mailto:nagy@pivovarbb.sk\">nagy@pivovarbb.sk<\/a><\/p>\t\t\t\t\t\t\t\t<\/div>\n\t\t\t\t<\/div>\n\t\t<div class=\"elementor-element elementor-element-6ec215a e-con-full e-flex e-con e-child\" data-id=\"6ec215a\" data-element_type=\"container\" data-settings=\"{&quot;background_background&quot;:&quot;classic&quot;}\">\n\t\t\t\t<div class=\"elementor-element elementor-element-6a81afb elementor-widget elementor-widget-heading\" data-id=\"6a81afb\" data-element_type=\"widget\" data-widget_type=\"heading.default\">\n\t\t\t\t\t<h6 class=\"elementor-heading-title elementor-size-default\">Export - Foreign Trade<\/h6>\t\t\t\t<\/div>\n\t\t\t\t<div class=\"elementor-element elementor-element-e68971c elementor-widget elementor-widget-text-editor\" data-id=\"e68971c\" data-element_type=\"widget\" data-widget_type=\"text-editor.default\">\n\t\t\t\t\t\t\t\t\t<p>Mob: <a href=\"tel:+421%20917%20777%20550\">+421 917 777 550<\/a><\/p><p>Tel: <a href=\"tel:+421%2048%20285%2055%2021\">+421 48 285 55 21<\/a><\/p><p><a href=\"mailto:jelenova@pivovarbb.sk\">jelenova@pivovarbb.sk<\/a><\/p>\t\t\t\t\t\t\t\t<\/div>\n\t\t\t\t<\/div>\n\t\t\t\t<\/div>\n\t\t<div class=\"elementor-element elementor-element-8050b49 e-con-full e-flex e-con e-child\" data-id=\"8050b49\" data-element_type=\"container\">\n\t\t<div class=\"elementor-element elementor-element-8aec3e0 e-con-full e-flex e-con e-child\" data-id=\"8aec3e0\" data-element_type=\"container\" data-settings=\"{&quot;background_background&quot;:&quot;classic&quot;}\">\n\t\t\t\t<div class=\"elementor-element elementor-element-bdf327a elementor-widget elementor-widget-heading\" data-id=\"bdf327a\" data-element_type=\"widget\" data-widget_type=\"heading.default\">\n\t\t\t\t\t<h6 class=\"elementor-heading-title elementor-size-default\">Processing of personal data (SOMI Systems a.s.)<\/h6>\t\t\t\t<\/div>\n\t\t\t\t<div class=\"elementor-element elementor-element-934e5d4 elementor-widget elementor-widget-text-editor\" data-id=\"934e5d4\" data-element_type=\"widget\" data-widget_type=\"text-editor.default\">\n\t\t\t\t\t\t\t\t\t<p>Tel: <a href=\"tel:+421%2048%20414%2067%2059\">+421 48 414 67 59<\/a><\/p><p><a href=\"mailto:zodpovednaosoba@somi.sk\">zodpovednaosoba@somi.sk<\/a><\/p>\t\t\t\t\t\t\t\t<\/div>\n\t\t\t\t<\/div>\n\t\t<div class=\"elementor-element elementor-element-afed587 e-con-full e-flex e-con e-child\" data-id=\"afed587\" data-element_type=\"container\" data-settings=\"{&quot;background_background&quot;:&quot;classic&quot;}\">\n\t\t\t\t<div class=\"elementor-element elementor-element-706f27d elementor-widget elementor-widget-heading\" data-id=\"706f27d\" data-element_type=\"widget\" data-widget_type=\"heading.default\">\n\t\t\t\t\t<h6 class=\"elementor-heading-title elementor-size-default\">Marketing<\/h6>\t\t\t\t<\/div>\n\t\t\t\t<div class=\"elementor-element elementor-element-bc191ec elementor-widget elementor-widget-text-editor\" data-id=\"bc191ec\" data-element_type=\"widget\" data-widget_type=\"text-editor.default\">\n\t\t\t\t\t\t\t\t\t<p>Tel: <a href=\"tel:+421%2048%20285%2055%2070\">+421 48 285 55 70<\/a><\/p><p><a href=\"mailto:ondrejka@pivovarbb.sk\">ondrejka@pivovarbb.sk<\/a><\/p>\t\t\t\t\t\t\t\t<\/div>\n\t\t\t\t<\/div>\n\t\t<div class=\"elementor-element elementor-element-6fb1734 e-con-full e-flex e-con e-child\" data-id=\"6fb1734\" data-element_type=\"container\" data-settings=\"{&quot;background_background&quot;:&quot;classic&quot;}\">\n\t\t\t\t<div class=\"elementor-element elementor-element-552cdb0 elementor-widget elementor-widget-heading\" data-id=\"552cdb0\" data-element_type=\"widget\" data-widget_type=\"heading.default\">\n\t\t\t\t\t<h6 class=\"elementor-heading-title elementor-size-default\">Technical Department<\/h6>\t\t\t\t<\/div>\n\t\t\t\t<div class=\"elementor-element elementor-element-a20ed93 elementor-widget elementor-widget-text-editor\" data-id=\"a20ed93\" data-element_type=\"widget\" data-widget_type=\"text-editor.default\">\n\t\t\t\t\t\t\t\t\t<p>Tel: <a href=\"tel:+421%2048%20285%2055%2052\">+421 48 285 55 52<\/a><\/p><p><a href=\"mailto:technicke@pivovarbb.sk\">technicke@pivovarbb.sk<\/a><\/p>\t\t\t\t\t\t\t\t<\/div>\n\t\t\t\t<\/div>\n\t\t\t\t<\/div>\n\t\t\t\t\t<\/div>\n\t\t\t\t<\/div>\n\t\t<div class=\"elementor-element elementor-element-f8e8a60 e-flex e-con-boxed e-con e-parent\" data-id=\"f8e8a60\" data-element_type=\"container\">\n\t\t\t\t\t<div class=\"e-con-inner\">\n\t\t\t\t\t<\/div>\n\t\t\t\t<\/div>\n\t\t\t\t<\/div>\n\t\t","protected":false},"excerpt":{"rendered":"<p>Contact Address BaNSKOBYSTRICK\u00dd PIVOVAR, a.s.Sl\u00e1dkovi\u010dova 37 974 05 Bansk\u00e1 Bystrica Sample shop Opening hours: Monday &#8211; Friday: 6.00 &#8211; 16.00 Lunch break: 12.30 &#8211; 13.00 Saturday, Sunday, holidays: closed Contact Tel: +421 48 285 55 40pivovar@pivovarbb.sk ICKO: 363 52 802 VAT NUMBER: SK2022172526 Company registered in OR OS Bansk\u00e1 Bystrica Section: Sa, Entry No: 953\/S [&hellip;]<\/p>\n","protected":false},"author":3,"featured_media":0,"parent":0,"menu_order":0,"comment_status":"closed","ping_status":"closed","template":"","meta":{"_acf_changed":false,"footnotes":""},"class_list":["post-7684","page","type-page","status-publish","hentry"],"acf":[],"_links":{"self":[{"href":"https:\/\/urpiner.eu\/en\/wp-json\/wp\/v2\/pages\/7684","targetHints":{"allow":["GET"]}}],"collection":[{"href":"https:\/\/urpiner.eu\/en\/wp-json\/wp\/v2\/pages"}],"about":[{"href":"https:\/\/urpiner.eu\/en\/wp-json\/wp\/v2\/types\/page"}],"author":[{"embeddable":true,"href":"https:\/\/urpiner.eu\/en\/wp-json\/wp\/v2\/users\/3"}],"replies":[{"embeddable":true,"href":"https:\/\/urpiner.eu\/en\/wp-json\/wp\/v2\/comments?post=7684"}],"version-history":[{"count":10,"href":"https:\/\/urpiner.eu\/en\/wp-json\/wp\/v2\/pages\/7684\/revisions"}],"predecessor-version":[{"id":9350,"href":"https:\/\/urpiner.eu\/en\/wp-json\/wp\/v2\/pages\/7684\/revisions\/9350"}],"wp:attachment":[{"href":"https:\/\/urpiner.eu\/en\/wp-json\/wp\/v2\/media?parent=7684"}],"curies":[{"name":"wp","href":"https:\/\/api.w.org\/{rel}","templated":true}]}}